{"id":2,"date":"2026-01-17T11:49:36","date_gmt":"2026-01-17T11:49:36","guid":{"rendered":"http:\/\/ecolebiarritz.fr\/?page_id=2"},"modified":"2026-01-18T10:34:47","modified_gmt":"2026-01-18T10:34:47","slug":"sample-page","status":"publish","type":"page","link":"https:\/\/ecolebiarritz.fr\/index.php\/sample-page\/","title":{"rendered":"Inscription"},"content":{"rendered":"\n<p>Les inscriptions pour la rentr\u00e9e 2026\/2027 sont toujours possibles. Il reste de la place dans quelques classes. <br>Nous vous invitons \u00e0 prendre contact avec la cheffe d\u2019\u00e9tablissement Mme Labat C\u00e9cile soit par mail \u00e0 l\u2019adresse ecolestlouisgonzague@orange.fr soit en laissant un message au 05.59.41.00.33.<\/p>\n\n\n\n<p>Il y aura des possibilit\u00e9s d\u2019accueil pour les TPS. <\/p>\n\n\n<div class=\"wp-block-image\">\n<figure class=\"alignleft is-resized\"><img loading=\"lazy\" decoding=\"async\" width=\"1024\" height=\"607\" src=\"https:\/\/ecolebiarritz.fr\/wp-content\/uploads\/2026\/01\/cHJpdmF0ZS9sci9pbWFnZXMvd2Vic2l0ZS8yMDIzLTA0L25nYTU3MDQxLWltYWdlLmpwZw.webp\" alt=\"\" class=\"wp-image-346\" style=\"aspect-ratio:1.6869612947002253;width:195px;height:auto\" srcset=\"https:\/\/ecolebiarritz.fr\/wp-content\/uploads\/2026\/01\/cHJpdmF0ZS9sci9pbWFnZXMvd2Vic2l0ZS8yMDIzLTA0L25nYTU3MDQxLWltYWdlLmpwZw.webp 1024w, https:\/\/ecolebiarritz.fr\/wp-content\/uploads\/2026\/01\/cHJpdmF0ZS9sci9pbWFnZXMvd2Vic2l0ZS8yMDIzLTA0L25nYTU3MDQxLWltYWdlLmpwZw-300x178.webp 300w, https:\/\/ecolebiarritz.fr\/wp-content\/uploads\/2026\/01\/cHJpdmF0ZS9sci9pbWFnZXMvd2Vic2l0ZS8yMDIzLTA0L25nYTU3MDQxLWltYWdlLmpwZw-768x455.webp 768w\" sizes=\"auto, (max-width: 1024px) 100vw, 1024px\" \/><\/figure>\n<\/div>\n\n\n<p><br>Mme Labat \u00e9tant en classe les lundis, jeudis et vendredis, elle vous rappellera d\u00e8s que possible.<\/p>\n\n\n<\/div>\n<\/div>\n<\/div>\n<\/div>\n<\/div>\n<\/div>\n<\/div>\n<\/div>\n<\/div>\n<div data-colibri-component=\"section\" data-colibri-id=\"2-c6\" id=\"custom\" class=\"h-section h-section-global-spacing d-flex align-items-lg-center align-items-md-center align-items-center style-413 style-local-2-c6 position-relative\">\n    <!----><br \/>\n    <!----><\/p>\n<div class=\"h-section-grid-container h-section-boxed-container\">\n      <!----><\/p>\n<div data-colibri-id=\"2-c7\" class=\"h-row-container gutters-row-lg-2 gutters-row-md-2 gutters-row-0 gutters-row-v-lg-2 gutters-row-v-md-2 gutters-row-v-2 style-414 style-local-2-c7 position-relative\">\n        <!----><\/p>\n<div class=\"h-row justify-content-lg-center justify-content-md-center justify-content-center align-items-lg-stretch align-items-md-stretch align-items-stretch gutters-col-lg-2 gutters-col-md-2 gutters-col-0 gutters-col-v-lg-2 gutters-col-v-md-2 gutters-col-v-2\">\n          <!----><\/p>\n<div class=\"h-column h-column-container d-flex h-col-lg-auto h-col-md-auto h-col-auto style-415-outer style-local-2-c8-outer\">\n<div data-colibri-id=\"2-c8\" class=\"d-flex h-flex-basis h-column__inner h-ui-empty-state-container h-px-lg-2 h-px-md-2 h-px-2 v-inner-lg-2 v-inner-md-2 v-inner-2 style-415 style-local-2-c8 position-relative\">\n              <!----><br \/>\n              <!----><\/p>\n<div class=\"w-100 h-y-container h-column__content h-column__v-align flex-basis-100\">\n                <!---->\n              <\/div>\n<\/p>\n<\/div>\n<\/div>\n<div class=\"h-column h-column-container d-flex h-col-lg-auto h-col-md-auto h-col-auto style-416-outer style-local-2-c9-outer\">\n<div data-colibri-id=\"2-c9\" class=\"d-flex h-flex-basis h-column__inner h-ui-empty-state-container h-px-lg-2 h-px-md-2 h-px-2 v-inner-lg-2 v-inner-md-2 v-inner-2 style-416 style-local-2-c9 position-relative\">\n              <!----><br \/>\n              <!----><\/p>\n<div class=\"w-100 h-y-container h-column__content h-column__v-align flex-basis-100\">\n                <!---->\n              <\/div>\n<\/p>\n<\/div>\n<\/div>\n<\/div>\n<\/div>\n<\/div>\n<\/div>\n<\/div>","protected":false},"excerpt":{"rendered":"<p>Les inscriptions pour la rentr\u00e9e 2026\/2027 sont toujours possibles. Il reste de la place dans quelques classes. Nous vous invitons \u00e0 prendre contact avec la cheffe d\u2019\u00e9tablissement Mme Labat C\u00e9cile soit par mail \u00e0 l\u2019adresse ecolestlouisgonzague@orange.fr soit en laissant un message au 05.59.41.00.33. Il y aura des possibilit\u00e9s d\u2019accueil pour les TPS. Mme Labat \u00e9tant [&hellip;]<\/p>\n","protected":false},"author":1,"featured_media":160,"parent":0,"menu_order":0,"comment_status":"closed","ping_status":"open","template":"","meta":{"footnotes":""},"class_list":["post-2","page","type-page","status-publish","has-post-thumbnail","hentry"],"_links":{"self":[{"href":"https:\/\/ecolebiarritz.fr\/index.php\/wp-json\/wp\/v2\/pages\/2","targetHints":{"allow":["GET"]}}],"collection":[{"href":"https:\/\/ecolebiarritz.fr\/index.php\/wp-json\/wp\/v2\/pages"}],"about":[{"href":"https:\/\/ecolebiarritz.fr\/index.php\/wp-json\/wp\/v2\/types\/page"}],"author":[{"embeddable":true,"href":"https:\/\/ecolebiarritz.fr\/index.php\/wp-json\/wp\/v2\/users\/1"}],"replies":[{"embeddable":true,"href":"https:\/\/ecolebiarritz.fr\/index.php\/wp-json\/wp\/v2\/comments?post=2"}],"version-history":[{"count":7,"href":"https:\/\/ecolebiarritz.fr\/index.php\/wp-json\/wp\/v2\/pages\/2\/revisions"}],"predecessor-version":[{"id":347,"href":"https:\/\/ecolebiarritz.fr\/index.php\/wp-json\/wp\/v2\/pages\/2\/revisions\/347"}],"wp:featuredmedia":[{"embeddable":true,"href":"https:\/\/ecolebiarritz.fr\/index.php\/wp-json\/wp\/v2\/media\/160"}],"wp:attachment":[{"href":"https:\/\/ecolebiarritz.fr\/index.php\/wp-json\/wp\/v2\/media?parent=2"}],"curies":[{"name":"wp","href":"https:\/\/api.w.org\/{rel}","templated":true}]}}